{"id":1307,"date":"2024-11-14T21:29:04","date_gmt":"2024-11-14T20:29:04","guid":{"rendered":"https:\/\/roads4classics.com\/wie-es-begann\/"},"modified":"2026-03-01T12:00:27","modified_gmt":"2026-03-01T11:00:27","slug":"wie-es-begann","status":"publish","type":"page","link":"https:\/\/roads4classics.com\/de\/wie-es-begann\/","title":{"rendered":"Wie es begann"},"content":{"rendered":"<p>[et_pb_section fb_built=&#8220;1&#8243; _builder_version=&#8220;4.26.0&#8243; background_color=&#8220;RGBA(255,255,255,0)&#8220; global_colors_info=&#8220;{}&#8220;][et_pb_row _builder_version=&#8220;4.26.0&#8243; _module_preset=&#8220;default&#8220; global_colors_info=&#8220;{}&#8220;][et_pb_column type=&#8220;4_4&#8243; _builder_version=&#8220;4.26.0&#8243; _module_preset=&#8220;default&#8220; global_colors_info=&#8220;{}&#8220;][et_pb_heading title=&#8220;Wie es begann&#8220; _builder_version=&#8220;4.26.0&#8243; _module_preset=&#8220;default&#8220; title_font=&#8220;|700|||||||&#8220; title_font_size=&#8220;42px&#8220; global_colors_info=&#8220;{}&#8220;][\/et_pb_heading][\/et_pb_column][\/et_pb_row][et_pb_row _builder_version=&#8220;4.26.0&#8243; background_size=&#8220;initial&#8220; background_position=&#8220;top_left&#8220; background_repeat=&#8220;repeat&#8220; min_height=&#8220;240.9px&#8220; custom_margin=&#8220;|auto|-28px|auto||&#8220; border_color_all=&#8220;#E02B20&#8243; global_colors_info=&#8220;{}&#8220;][et_pb_column type=&#8220;4_4&#8243; _builder_version=&#8220;4.26.0&#8243; custom_padding=&#8220;|||&#8220; border_style_all=&#8220;dashed&#8220; global_colors_info=&#8220;{}&#8220; custom_padding__hover=&#8220;|||&#8220;][et_pb_text _builder_version=&#8220;4.26.0&#8243; background_size=&#8220;initial&#8220; background_position=&#8220;top_left&#8220; background_repeat=&#8220;repeat&#8220; min_height=&#8220;269.1px&#8220; custom_margin=&#8220;||-72px|||&#8220; custom_padding=&#8220;||0px|||&#8220; border_color_all=&#8220;#E02B20&#8243; global_colors_info=&#8220;{}&#8220;]<\/p>\n<p><!-- divi:quote --><\/p>\n<blockquote class=\"wp-block-quote\">\n<p><!-- divi:paragraph --><span style=\"font-size: 14px\">Mein Name ist Robi Rizvic und ich lebe in Haarlem. Wie Sie vielleicht aus meinem Nachnamen schlie\u00dfen k\u00f6nnen, liegen meine Wurzeln im ehemaligen Jugoslawien. Da ich zweisprachig aufgewachsen bin, spreche ich flie\u00dfend Kroatisch und kenne das Land in- und auswendig.<\/span><\/p>\n<p>&nbsp;<\/p>\n<p><!-- \/divi:paragraph --> <!-- divi:paragraph -->Wie viele Besucher dieser Website bin auch ich ein Liebhaber klassischer Automobile, insbesondere der Marke Matra.<\/p>\n<p><!-- \/divi:paragraph --> <!-- divi:paragraph -->Ich bin mit unserem Matra regelm\u00e4\u00dfig die wundersch\u00f6ne kroatische K\u00fcste entlang gefahren und habe dabei atemberaubende Aussichten und anspruchsvolle Kurven genossen.<\/p>\n<p><!-- \/divi:paragraph --> <!-- divi:paragraph --><\/p>\n<p>W\u00e4hrend dieser Fahrten dachte ich, wie sch\u00f6n es w\u00e4re, Kroatien mit anderen echten Oldtimer-Liebhabern zu bereisen. Ende 2012 begann ich also mit der Arbeit an einem Plan. Im Juni 2013 f\u00fchrte dies zu einer sechst\u00e4gigen Kroatien-Matra-Tour, bei der wir mit 20 Matras und 40 Teilnehmern verschiedener Nationalit\u00e4ten eine unvergessliche Reise erlebten.<\/p>\n<p><!-- \/divi:paragraph --> <!-- divi:paragraph -->Der Erfolg und die Freude, die wir bei dieser Fahrt erlebten, inspirierten mich zur Gr\u00fcndung von &#8222;Road4classicS&#8220;.<\/p>\n<\/blockquote>\n<p>&nbsp;<\/p>\n<p>&nbsp;<\/p>\n<p><!-- \/divi:quote --><\/p>\n<p>[\/et_pb_text][\/et_pb_column][\/et_pb_row][et_pb_row column_structure=&#8220;1_2,1_2&#8243; _builder_version=&#8220;4.26.0&#8243; _module_preset=&#8220;default&#8220; global_colors_info=&#8220;{}&#8220;][et_pb_column type=&#8220;1_2&#8243; _builder_version=&#8220;4.26.0&#8243; _module_preset=&#8220;default&#8220; global_colors_info=&#8220;{}&#8220;][et_pb_image src=&#8220;https:\/\/roads4classics.com\/wp-content\/uploads\/2024\/11\/02.jpg&#8220; _builder_version=&#8220;4.26.0&#8243; _module_preset=&#8220;default&#8220; global_colors_info=&#8220;{}&#8220;][\/et_pb_image][\/et_pb_column][et_pb_column type=&#8220;1_2&#8243; _builder_version=&#8220;4.26.0&#8243; _module_preset=&#8220;default&#8220; global_colors_info=&#8220;{}&#8220;][et_pb_image src=&#8220;https:\/\/roads4classics.com\/wp-content\/uploads\/2024\/11\/MG_4035-scaled.jpg&#8220; _builder_version=&#8220;4.26.0&#8243; _module_preset=&#8220;default&#8220; global_colors_info=&#8220;{}&#8220;][\/et_pb_image][\/et_pb_column][\/et_pb_row][et_pb_row _builder_version=&#8220;4.26.0&#8243; _module_preset=&#8220;default&#8220; global_colors_info=&#8220;{}&#8220;][et_pb_column type=&#8220;4_4&#8243; _builder_version=&#8220;4.26.0&#8243; _module_preset=&#8220;default&#8220; global_colors_info=&#8220;{}&#8220;][et_pb_text _builder_version=&#8220;4.26.0&#8243; _module_preset=&#8220;default&#8220; global_colors_info=&#8220;{}&#8220;]<\/p>\n<p>Das Ziel von Roads4classicS ist es, Touren anzubieten, die ein komplettes und unvergessliches Autoabenteuer darstellen. Die Teilnehmer erleben w\u00e4hrend der Tour das reine Fahrerlebnis ihres klassischen (und exklusiven) Autos oder Motorrads.<\/p>\n<p>All dies findet in einer atemberaubenden, authentischen Umgebung statt, mit abwechslungsreichen Routen entlang der K\u00fcste, im Landesinneren und durch bergiges Terrain.<\/p>\n<p>[\/et_pb_text][\/et_pb_column][\/et_pb_row][\/et_pb_section]<\/p>\n","protected":false},"excerpt":{"rendered":"<p>Mein Name ist Robi Rizvic und ich lebe in Haarlem. Wie Sie vielleicht aus meinem Nachnamen schlie\u00dfen k\u00f6nnen, liegen meine Wurzeln im ehemaligen Jugoslawien. Da ich zweisprachig aufgewachsen bin, spreche ich flie\u00dfend Kroatisch und kenne das Land in- und auswendig. &nbsp; Wie viele Besucher dieser Website bin auch ich ein Liebhaber klassischer Automobile, insbesondere der [&hellip;]<\/p>\n","protected":false},"author":2,"featured_media":0,"parent":0,"menu_order":0,"comment_status":"closed","ping_status":"closed","template":"","meta":{"_et_pb_use_builder":"on","_et_pb_old_content":"","_et_gb_content_width":"","footnotes":""},"class_list":["post-1307","page","type-page","status-publish","hentry"],"yoast_head":"<!-- This site is optimized with the Yoast SEO plugin v27.1.1 - https:\/\/yoast.com\/product\/yoast-seo-wordpress\/ -->\n<title>Wie es begann - roads4classics<\/title>\n<meta name=\"robots\" content=\"index, follow, max-snippet:-1, max-image-preview:large, max-video-preview:-1\" \/>\n<link rel=\"canonical\" href=\"https:\/\/roads4classics.com\/de\/wie-es-begann\/\" \/>\n<meta property=\"og:locale\" content=\"de_DE\" \/>\n<meta property=\"og:type\" content=\"article\" \/>\n<meta property=\"og:title\" content=\"Wie es begann - roads4classics\" \/>\n<meta property=\"og:description\" content=\"Mein Name ist Robi Rizvic und ich lebe in Haarlem. Wie Sie vielleicht aus meinem Nachnamen schlie\u00dfen k\u00f6nnen, liegen meine Wurzeln im ehemaligen Jugoslawien. Da ich zweisprachig aufgewachsen bin, spreche ich flie\u00dfend Kroatisch und kenne das Land in- und auswendig. &nbsp; Wie viele Besucher dieser Website bin auch ich ein Liebhaber klassischer Automobile, insbesondere der [&hellip;]\" \/>\n<meta property=\"og:url\" content=\"https:\/\/roads4classics.com\/de\/wie-es-begann\/\" \/>\n<meta property=\"og:site_name\" content=\"roads4classics\" \/>\n<meta property=\"article:modified_time\" content=\"2026-03-01T11:00:27+00:00\" \/>\n<meta name=\"twitter:card\" content=\"summary_large_image\" \/>\n<meta name=\"twitter:label1\" content=\"Gesch\u00e4tzte Lesezeit\" \/>\n\t<meta name=\"twitter:data1\" content=\"3\u00a0Minuten\" \/>\n<script type=\"application\/ld+json\" class=\"yoast-schema-graph\">{\"@context\":\"https:\/\/schema.org\",\"@graph\":[{\"@type\":\"WebPage\",\"@id\":\"https:\/\/roads4classics.com\/de\/wie-es-begann\/\",\"url\":\"https:\/\/roads4classics.com\/de\/wie-es-begann\/\",\"name\":\"Wie es begann - roads4classics\",\"isPartOf\":{\"@id\":\"https:\/\/roads4classics.com\/de\/#website\"},\"datePublished\":\"2024-11-14T20:29:04+00:00\",\"dateModified\":\"2026-03-01T11:00:27+00:00\",\"breadcrumb\":{\"@id\":\"https:\/\/roads4classics.com\/de\/wie-es-begann\/#breadcrumb\"},\"inLanguage\":\"de\",\"potentialAction\":[{\"@type\":\"ReadAction\",\"target\":[\"https:\/\/roads4classics.com\/de\/wie-es-begann\/\"]}]},{\"@type\":\"BreadcrumbList\",\"@id\":\"https:\/\/roads4classics.com\/de\/wie-es-begann\/#breadcrumb\",\"itemListElement\":[{\"@type\":\"ListItem\",\"position\":1,\"name\":\"Home\",\"item\":\"https:\/\/roads4classics.com\/de\/\"},{\"@type\":\"ListItem\",\"position\":2,\"name\":\"Wie es begann\"}]},{\"@type\":\"WebSite\",\"@id\":\"https:\/\/roads4classics.com\/de\/#website\",\"url\":\"https:\/\/roads4classics.com\/de\/\",\"name\":\"roads4classics\",\"description\":\"My WordPress Blog\",\"potentialAction\":[{\"@type\":\"SearchAction\",\"target\":{\"@type\":\"EntryPoint\",\"urlTemplate\":\"https:\/\/roads4classics.com\/de\/?s={search_term_string}\"},\"query-input\":{\"@type\":\"PropertyValueSpecification\",\"valueRequired\":true,\"valueName\":\"search_term_string\"}}],\"inLanguage\":\"de\"}]}<\/script>\n<!-- \/ Yoast SEO plugin. -->","yoast_head_json":{"title":"Wie es begann - roads4classics","robots":{"index":"index","follow":"follow","max-snippet":"max-snippet:-1","max-image-preview":"max-image-preview:large","max-video-preview":"max-video-preview:-1"},"canonical":"https:\/\/roads4classics.com\/de\/wie-es-begann\/","og_locale":"de_DE","og_type":"article","og_title":"Wie es begann - roads4classics","og_description":"Mein Name ist Robi Rizvic und ich lebe in Haarlem. Wie Sie vielleicht aus meinem Nachnamen schlie\u00dfen k\u00f6nnen, liegen meine Wurzeln im ehemaligen Jugoslawien. Da ich zweisprachig aufgewachsen bin, spreche ich flie\u00dfend Kroatisch und kenne das Land in- und auswendig. &nbsp; Wie viele Besucher dieser Website bin auch ich ein Liebhaber klassischer Automobile, insbesondere der [&hellip;]","og_url":"https:\/\/roads4classics.com\/de\/wie-es-begann\/","og_site_name":"roads4classics","article_modified_time":"2026-03-01T11:00:27+00:00","twitter_card":"summary_large_image","twitter_misc":{"Gesch\u00e4tzte Lesezeit":"3\u00a0Minuten"},"schema":{"@context":"https:\/\/schema.org","@graph":[{"@type":"WebPage","@id":"https:\/\/roads4classics.com\/de\/wie-es-begann\/","url":"https:\/\/roads4classics.com\/de\/wie-es-begann\/","name":"Wie es begann - roads4classics","isPartOf":{"@id":"https:\/\/roads4classics.com\/de\/#website"},"datePublished":"2024-11-14T20:29:04+00:00","dateModified":"2026-03-01T11:00:27+00:00","breadcrumb":{"@id":"https:\/\/roads4classics.com\/de\/wie-es-begann\/#breadcrumb"},"inLanguage":"de","potentialAction":[{"@type":"ReadAction","target":["https:\/\/roads4classics.com\/de\/wie-es-begann\/"]}]},{"@type":"BreadcrumbList","@id":"https:\/\/roads4classics.com\/de\/wie-es-begann\/#breadcrumb","itemListElement":[{"@type":"ListItem","position":1,"name":"Home","item":"https:\/\/roads4classics.com\/de\/"},{"@type":"ListItem","position":2,"name":"Wie es begann"}]},{"@type":"WebSite","@id":"https:\/\/roads4classics.com\/de\/#website","url":"https:\/\/roads4classics.com\/de\/","name":"roads4classics","description":"My WordPress Blog","potentialAction":[{"@type":"SearchAction","target":{"@type":"EntryPoint","urlTemplate":"https:\/\/roads4classics.com\/de\/?s={search_term_string}"},"query-input":{"@type":"PropertyValueSpecification","valueRequired":true,"valueName":"search_term_string"}}],"inLanguage":"de"}]}},"_links":{"self":[{"href":"https:\/\/roads4classics.com\/de\/wp-json\/wp\/v2\/pages\/1307","targetHints":{"allow":["GET"]}}],"collection":[{"href":"https:\/\/roads4classics.com\/de\/wp-json\/wp\/v2\/pages"}],"about":[{"href":"https:\/\/roads4classics.com\/de\/wp-json\/wp\/v2\/types\/page"}],"author":[{"embeddable":true,"href":"https:\/\/roads4classics.com\/de\/wp-json\/wp\/v2\/users\/2"}],"replies":[{"embeddable":true,"href":"https:\/\/roads4classics.com\/de\/wp-json\/wp\/v2\/comments?post=1307"}],"version-history":[{"count":38,"href":"https:\/\/roads4classics.com\/de\/wp-json\/wp\/v2\/pages\/1307\/revisions"}],"predecessor-version":[{"id":5587,"href":"https:\/\/roads4classics.com\/de\/wp-json\/wp\/v2\/pages\/1307\/revisions\/5587"}],"wp:attachment":[{"href":"https:\/\/roads4classics.com\/de\/wp-json\/wp\/v2\/media?parent=1307"}],"curies":[{"name":"wp","href":"https:\/\/api.w.org\/{rel}","templated":true}]}}