{"id":1318,"date":"2024-12-01T21:35:29","date_gmt":"2024-12-01T20:35:29","guid":{"rendered":"https:\/\/roads4classics.com\/datenschutzbestimmungen\/"},"modified":"2026-01-08T12:10:13","modified_gmt":"2026-01-08T11:10:13","slug":"datenschutzbestimmungen","status":"publish","type":"page","link":"https:\/\/roads4classics.com\/de\/datenschutzbestimmungen\/","title":{"rendered":"Datenschutzbestimmungen"},"content":{"rendered":"<p>[et_pb_section fb_built=&#8220;1&#8243; fullwidth=&#8220;on&#8220; _builder_version=&#8220;4.26.0&#8243; _module_preset=&#8220;default&#8220; global_colors_info=&#8220;{}&#8220; theme_builder_area=&#8220;post_content&#8220;][et_pb_fullwidth_slider _builder_version=&#8220;4.27.3&#8243; _module_preset=&#8220;default&#8220; background_image=&#8220;https:\/\/roads4classics.com\/wp-content\/uploads\/2024\/11\/Header-MEDIA-1.jpg&#8220; animation_style=&#8220;fade&#8220; auto=&#8220;on&#8220; border_width_all=&#8220;2px&#8220; global_colors_info=&#8220;{}&#8220; theme_builder_area=&#8220;post_content&#8220;][et_pb_slide _builder_version=&#8220;4.27.3&#8243; _module_preset=&#8220;default&#8220; body_font=&#8220;||||||||&#8220; body_text_align=&#8220;left&#8220; text_orientation=&#8220;left&#8220; hover_enabled=&#8220;0&#8243; header_text_shadow_style=&#8220;preset2&#8243; body_text_shadow_style=&#8220;preset2&#8243; text_shadow_style=&#8220;preset1&#8243; global_colors_info=&#8220;{}&#8220; sticky_transition=&#8220;on&#8220; theme_builder_area=&#8220;post_content&#8220; sticky_enabled=&#8220;0&#8243;][\/et_pb_slide][\/et_pb_fullwidth_slider][\/et_pb_section][et_pb_section fb_built=&#8220;1&#8243; theme_builder_area=&#8220;post_content&#8220; _builder_version=&#8220;4.27.4&#8243; _module_preset=&#8220;default&#8220; min_height=&#8220;162px&#8220; custom_margin=&#8220;||-59px|||&#8220;][et_pb_row _builder_version=&#8220;4.27.4&#8243; _module_preset=&#8220;default&#8220; theme_builder_area=&#8220;post_content&#8220;][et_pb_column _builder_version=&#8220;4.27.4&#8243; _module_preset=&#8220;default&#8220; type=&#8220;4_4&#8243; theme_builder_area=&#8220;post_content&#8220;][et_pb_heading title=&#8220;Datenschutzrichtlinie Roads4classicS&#8220; _builder_version=&#8220;4.27.4&#8243; _module_preset=&#8220;default&#8220; theme_builder_area=&#8220;post_content&#8220; title_font=&#8220;|||on|||||&#8220; hover_enabled=&#8220;0&#8243; sticky_enabled=&#8220;0&#8243;][\/et_pb_heading][\/et_pb_column][\/et_pb_row][\/et_pb_section][et_pb_section fb_built=&#8220;1&#8243; admin_label=&#8220;Hero&#8220; _builder_version=&#8220;4.27.4&#8243; _module_preset=&#8220;default&#8220; custom_padding=&#8220;0vw||0vw||true|false&#8220; locked=&#8220;off&#8220; collapsed=&#8220;on&#8220; global_colors_info=&#8220;{}&#8220; theme_builder_area=&#8220;post_content&#8220; hover_enabled=&#8220;0&#8243; sticky_enabled=&#8220;0&#8243;][et_pb_row _builder_version=&#8220;4.27.4&#8243; _module_preset=&#8220;default&#8220; global_colors_info=&#8220;{}&#8220; theme_builder_area=&#8220;post_content&#8220;][et_pb_column type=&#8220;4_4&#8243; _builder_version=&#8220;4.27.4&#8243; _module_preset=&#8220;default&#8220; global_colors_info=&#8220;{}&#8220; theme_builder_area=&#8220;post_content&#8220;][et_pb_text _builder_version=&#8220;4.27.4&#8243; _module_preset=&#8220;default&#8220; text_font=&#8220;Proza Libre||||||||&#8220; text_text_color=&#8220;#000000&#8243; text_font_size=&#8220;16px&#8220; custom_margin=&#8220;-23px|||||&#8220; hover_enabled=&#8220;0&#8243; global_colors_info=&#8220;{}&#8220; theme_builder_area=&#8220;post_content&#8220; sticky_enabled=&#8220;0&#8243;]<\/p>\n<p><span style=\"color: #808080;\">Roads4classicS wei\u00df, dass Ihnen der Schutz Ihrer Privatsph\u00e4re wichtig ist und dass Sie sich Gedanken dar\u00fcber machen, wie Ihre pers\u00f6nlichen Daten verwendet werden. Wir respektieren und sch\u00e4tzen die Privatsph\u00e4re eines jeden, der diese Website roads4classics.com besucht. Wie in den Abschnitten 5 und 6 unten beschrieben, sammeln wir keine pers\u00f6nlichen Daten \u00fcber Sie, es sei denn, Sie kontaktieren uns. Alle pers\u00f6nlichen Daten, die wir sammeln, werden nur im Rahmen der gesetzlichen Bestimmungen verwendet.  <\/span><\/p>\n<p><span style=\"color: #808080;\">Bitte lesen Sie diese Datenschutzrichtlinie sorgf\u00e4ltig durch und vergewissern Sie sich, dass Sie sie verstanden haben. Es wird davon ausgegangen, dass Sie diese Datenschutzrichtlinie akzeptieren, wenn Sie unsere Website zum ersten Mal nutzen. Wenn Sie diese Datenschutzrichtlinie nicht akzeptieren und\/oder ihr nicht zustimmen, sollten Sie die Nutzung unserer Website sofort einstellen.  <\/span><\/p>\n<p>&nbsp;<\/p>\n<h4><span style=\"color: #000000;\"><strong>1. Informationen \u00fcber uns<\/strong><\/span><\/h4>\n<p><span style=\"color: #808080;\">Unsere Website ist Eigentum und wird betrieben von Roads4classicS, eingetragen in Haarlem unter der Handelskammernummer 58960163Registrierte Adresse: Ternatestraat 66, 2022BW, Haarlem, Die NiederlandeMehrwertsteuernummer: NL001607750B07E-Mail-Adresse: <a href=\"mailto:info@roads4classics.com\" style=\"color: #808080;\">info@roads4classics.comTelefoon<\/a>Nummer: +31.653240708Postanschrift: Ternatestraat 66, 2022BW, Haarlem, Die Niederlande<\/span><\/p>\n<h4><strong><\/strong><\/h4>\n<h4><strong>2. Welche Art von Informationen k\u00f6nnen Sie finden?<\/strong><\/h4>\n<p><span style=\"color: #808080;\">In diesen Datenschutzinformationen wird erl\u00e4utert, wie wir Ihre personenbezogenen Daten verwenden: wie sie erhoben, gespeichert und verarbeitet werden. Au\u00dferdem wird erl\u00e4utert, welche Rechte Sie nach dem Gesetz in Bezug auf Ihre pers\u00f6nlichen Daten haben. <\/span><\/p>\n<h4><\/h4>\n<h4> <strong>3. Was sind personenbezogene Daten?<\/strong><\/h4>\n<p><span style=\"color: #808080;\">Personenbezogene Daten werden in der Allgemeinen Datenschutzverordnung (EU-Verordnung 2016\/679) (das &#8222;AVG&#8220;) definiert als &#8222;alle Informationen \u00fcber eine bestimmbare Person, die direkt oder indirekt identifiziert werden kann, insbesondere durch Zuordnung zu einer Kennung&#8220;.<\/span><\/p>\n<p><span style=\"color: #808080;\">Personenbezogene Daten sind, vereinfacht ausgedr\u00fcckt, alle Informationen \u00fcber Sie, die es erm\u00f6glichen, Sie zu identifizieren. Zu den personenbezogenen Daten geh\u00f6ren offensichtliche Informationen wie Ihr Name und Ihre Kontaktdaten, aber auch weniger offensichtliche Informationen wie Identifikationsnummern, elektronische Standortdaten und andere Online-Kennungen. <\/span><\/p>\n<p><span style=\"color: #808080;\">Die personenbezogenen Daten, die wir verwenden, sind in Artikel 5 unten aufgef\u00fchrt.<\/span><\/p>\n<h4><strong> <\/strong><\/h4>\n<h4><strong>4. Was sind meine Rechte?<\/strong><\/h4>\n<p><span style=\"color: #808080;\">Nach dem AVG haben Sie die folgenden Rechte, die wir stets einhalten werden:<\/span><\/p>\n<ul>\n<li><span style=\"color: #808080;\">Das Recht auf Informationen \u00fcber die Erhebung und Verwendung Ihrer pers\u00f6nlichen Daten durch uns. Dieser Datenschutzhinweis sollte Ihnen alles sagen, was Sie wissen m\u00fcssen, aber Sie k\u00f6nnen uns jederzeit kontaktieren, um weitere Informationen zu erhalten oder Fragen zu stellen, indem Sie die Angaben in Artikel 11 verwenden. <\/span><\/li>\n<li><span style=\"color: #808080;\">Das Recht auf Zugang zu den pers\u00f6nlichen Daten, die wir \u00fcber Sie gespeichert haben. Artikel 10 beschreibt, wie Sie dies tun k\u00f6nnen. <\/span><\/li>\n<li><span style=\"color: #808080;\">Das Recht auf Berichtigung Ihrer pers\u00f6nlichen Daten, wenn Ihre bei uns gespeicherten pers\u00f6nlichen Daten falsch oder unvollst\u00e4ndig sind. Bitte kontaktieren Sie uns \u00fcber die Angaben in Artikel 11 f\u00fcr weitere Informationen. <\/span><\/li>\n<li><span style=\"color: #808080;\">Das Recht auf Vergessenwerden, d.h. das Recht, uns aufzufordern, Ihre bei uns gespeicherten pers\u00f6nlichen Daten zu l\u00f6schen oder anderweitig zu entfernen. Bitte kontaktieren Sie uns \u00fcber die Angaben in Artikel 11 f\u00fcr weitere Informationen. <\/span><\/li>\n<li><span style=\"color: #808080;\">Das Recht, die Verarbeitung Ihrer personenbezogenen Daten einzuschr\u00e4nken (d.h. zu verhindern).<\/span><\/li>\n<li><span style=\"color: #808080;\">Das Recht, der Verwendung Ihrer pers\u00f6nlichen Daten f\u00fcr einen bestimmten Zweck oder f\u00fcr bestimmte Zwecke zu widersprechen.<\/span><\/li>\n<li><span style=\"color: #808080;\">In Artikel 6 erfahren Sie mehr dar\u00fcber, wie wir Ihre pers\u00f6nlichen Daten verwenden.<\/span><\/li>\n<\/ul>\n<p><span style=\"color: #808080;\">Wenn Sie Bedenken hinsichtlich der Verarbeitung Ihrer personenbezogenen Daten durch uns haben, wenn Sie mit einer von Ihnen gestellten Anfrage nicht zufrieden sind oder wenn Sie eine Beschwerde einreichen m\u00f6chten, wenden Sie sich bitte zun\u00e4chst an uns, indem Sie die Angaben in Klausel 11 verwenden, damit wir unser M\u00f6glichstes tun k\u00f6nnen, um das Problem zu l\u00f6sen.<\/span><\/p>\n<h4><strong><\/strong><\/h4>\n<h4><strong>  5. Welche pers\u00f6nlichen Daten sammeln Sie? <\/strong><\/h4>\n<p><span style=\"color: #808080;\">Wir k\u00f6nnen einige oder alle der folgenden personenbezogenen Daten erfassen (dies kann je nach Ihrer Beziehung zu uns variieren)<\/span><\/p>\n<ul>\n<li><span style=\"color: #808080;\">Name<\/span><\/li>\n<li><span style=\"color: #808080;\">Geburtsdatum<\/span><\/li>\n<li><span style=\"color: #808080;\">Geschlecht<\/span><\/li>\n<li><span style=\"color: #808080;\">Adresse<\/span><\/li>\n<li><span style=\"color: #808080;\">E-Mail Adresse<\/span><\/li>\n<li><span style=\"color: #808080;\">Rufnummer<\/span><\/li>\n<li><span style=\"color: #808080;\">Zahlungsinformationen<\/span><\/li>\n<li><span style=\"color: #808080;\">Reisepass-\/Personalausweisnummern<\/span><\/li>\n<li><span style=\"color: #808080;\">Zulassungsnummer des\/der teilnehmenden Fahrzeugs\/Fahrzeuge<\/span><\/li>\n<li><span style=\"color: #808080;\">Informationen \u00fcber Ihre Vorlieben, Ern\u00e4hrungsbed\u00fcrfnisse und Interessen<\/span><\/li>\n<\/ul>\n<h4><strong><\/strong><\/h4>\n<h4><strong>  6. Wie verwenden wir Ihre pers\u00f6nlichen Daten? <\/strong><\/h4>\n<p><span style=\"color: #808080;\">Nach dem AVG m\u00fcssen wir immer eine rechtliche Grundlage f\u00fcr die Verwendung personenbezogener Daten haben. Dies kann der Fall sein, wenn die Daten f\u00fcr die Erf\u00fcllung eines Vertrags mit Ihnen erforderlich sind, wenn Sie in die Verwendung Ihrer personenbezogenen Daten eingewilligt haben oder wenn es in unserem berechtigten Gesch\u00e4ftsinteresse liegt, diese Daten zu verwenden. Ihre personenbezogenen Daten k\u00f6nnen f\u00fcr einen der folgenden Zwecke verwendet werden:  <\/span><\/p>\n<ul>\n<li><span style=\"color: #808080;\">Ihr Konto und\/oder Ihre Buchungen bereitstellen und verwalten.<\/span><\/li>\n<li><span style=\"color: #808080;\">Erbringung unserer Dienstleistungen f\u00fcr Sie. Ihre pers\u00f6nlichen Daten werden ben\u00f6tigt, um einen Vertrag\/Rechnung mit Ihnen abzuschlie\u00dfen. <\/span><\/li>\n<li><span style=\"color: #808080;\">Personalisierung und Ma\u00dfschneiderung unserer Dienstleistungen f\u00fcr Sie.<\/span><\/li>\n<li><span style=\"color: #808080;\">Kommunikation mit Ihnen &#8211; z.B. die Beantwortung von E-Mails oder Anrufen von Ihnen. <\/span><\/li>\n<li><span style=\"color: #808080;\">Die Zusendung von Informationen per E-Mail, die Sie abonniert haben (Sie k\u00f6nnen sich jederzeit abmelden oder abbestellen, indem Sie auf den Link &#8218;Cancel Subscription&#8216; in der E-Mail klicken oder uns direkt kontaktieren.<\/span><\/li>\n<li><span style=\"color: #808080;\">Umfragen zur Verbesserung unserer Dienstleistungen, z.B. zum Sammeln von Informationen \u00fcber die Erfahrungen nach der Reise.<\/span><\/li>\n<\/ul>\n<p><span style=\"color: #808080;\">Mit Ihrer Zustimmung und\/oder soweit gesetzlich zul\u00e4ssig, k\u00f6nnen wir Ihre pers\u00f6nlichen Daten auch f\u00fcr Marketingzwecke verwenden. Dazu kann es geh\u00f6ren, dass wir Sie per E-Mail, Telefon, SMS und\/oder Post mit Informationen, Neuigkeiten und Angeboten \u00fcber unsere Dienstleistungen kontaktieren. Wir werden uns stets bem\u00fchen, Ihre Rechte in vollem Umfang zu sch\u00fctzen und unsere Verpflichtungen gem\u00e4\u00df dem AVG und der Verordnung \u00fcber den Schutz der Privatsph\u00e4re und der elektronischen Kommunikation (EU-Richtlinie) von 2003 einzuhalten, und Sie werden immer die M\u00f6glichkeit haben, den Newsletter abzubestellen.   <\/span><\/p>\n<h4><strong><\/strong><\/h4>\n<h4><strong>  7. Wie lange werden meine Daten aufbewahrt? <\/strong><\/h4>\n<p><span style=\"color: #808080;\">Wir werden Ihre personenbezogenen Daten nicht l\u00e4nger aufbewahren, als es f\u00fcr den Grund oder die Gr\u00fcnde, aus denen sie urspr\u00fcnglich erhoben wurden, erforderlich ist.<\/span><\/p>\n<h4> <\/h4>\n<h4><strong>8. Wie und wo werden meine Daten gespeichert?<\/strong><\/h4>\n<p><span style=\"color: #808080;\">Wir werden Ihre pers\u00f6nlichen Daten nur auf unserem Sicherheitsserver speichern oder \u00fcbertragen, der mit einem SSL-Zertifikat gesichert ist. Dies bedeutet, dass Ihre pers\u00f6nlichen Daten gem\u00e4\u00df GDPR oder gleichwertiger gesetzlicher Standards vollst\u00e4ndig gesch\u00fctzt sind. <\/span><\/p>\n<h4><strong><\/strong><\/h4>\n<h4><strong>9. Werden meine Daten auch weitergegeben?<\/strong><\/h4>\n<p><span style=\"color: #808080;\">Wir werden Ihre personenbezogenen Daten nicht an Dritte weitergeben, mit einer wichtigen Ausnahme. Unter bestimmten Umst\u00e4nden k\u00f6nnen wir gesetzlich verpflichtet sein, bestimmte personenbezogene Daten, einschlie\u00dflich Ihrer, weiterzugeben, wenn wir in ein Gerichtsverfahren verwickelt sind oder gesetzlichen Verpflichtungen, einem Gerichtsbeschluss oder den Anweisungen einer Beh\u00f6rde nachkommen m\u00fcssen. <\/span><\/p>\n<h4><\/h4>\n<h4> <strong>10. Wie kann ich auf meine pers\u00f6nlichen Daten zugreifen?<\/strong><\/h4>\n<p><span style=\"color: #808080;\">Wenn Sie wissen m\u00f6chten, welche pers\u00f6nlichen Daten wir \u00fcber Sie gespeichert haben, k\u00f6nnen Sie uns um diese Informationen bitten und m\u00f6glicherweise eine Kopie erhalten. Dies wird als &#8222;Antrag auf Auskunft&#8220; bezeichnet. Alle Antr\u00e4ge auf Auskunft m\u00fcssen schriftlich per E-Mail oder an die in Artikel 1 angegebene Postanschrift gestellt werden. Ein Antrag auf Zugang ist normalerweise kostenlos. Wenn Ihre Anfrage &#8222;offensichtlich unbegr\u00fcndet oder \u00fcbertrieben&#8220; ist (z.B. wenn Sie wiederholt Anfragen stellen), kann eine Geb\u00fchr erhoben werden, um unsere Verwaltungskosten zu decken.    <\/span><\/p>\n<p><span style=\"color: #808080;\">Wir werden innerhalb eines Monats nach Erhalt Ihrer Anfrage antworten. Normalerweise bem\u00fchen wir uns, Ihnen innerhalb dieses Zeitraums eine vollst\u00e4ndige Antwort, einschlie\u00dflich einer Kopie Ihrer pers\u00f6nlichen Daten, zukommen zu lassen. In einigen F\u00e4llen, insbesondere wenn Ihre Anfrage komplexer ist, kann jedoch mehr Zeit erforderlich sein, bis zu einem Maximum von drei Monaten ab dem Datum, an dem wir Ihre Anfrage erhalten. Wir werden Sie \u00fcber unsere Fortschritte auf dem Laufenden halten.   <\/span><\/p>\n<h4><strong><\/strong><\/h4>\n<h4><strong>11. Wie kann ich Sie kontaktieren?<\/strong><\/h4>\n<p><span style=\"color: #808080;\">Wenn Sie uns in Bezug auf Ihre pers\u00f6nlichen Daten und den Datenschutz kontaktieren m\u00f6chten, z.B. um Ihre Daten einzusehen, verwenden Sie bitte die folgenden Angaben:<\/span><\/p>\n<ul>\n<li>E-Mail Adresse: <a href=\"mailto:info@roads4classics.com\">info@roads4classics.com<\/a><\/li>\n<li>Telefoonnummer: +31.(0)6.53240708.<\/li>\n<\/ul>\n<h4><strong><\/strong><\/h4>\n<h4><strong>  12. \u00e4nderungen an der Datenschutzrichtlinie <\/strong><\/h4>\n<p><span style=\"color: #808080;\">Wir k\u00f6nnen diesen Datenschutzhinweis von Zeit zu Zeit \u00e4ndern. Dies kann zum Beispiel notwendig sein, wenn sich die Gesetzgebung \u00e4ndert oder wenn wir unser Gesch\u00e4ft in einer Weise \u00e4ndern, die den Schutz personenbezogener Daten beeinflusst. <\/span><\/p>\n<p><span style=\"color: #808080;\">Alle \u00c4nderungen werden auf unserer Website ver\u00f6ffentlicht.<\/span><\/p>\n<p><span style=\"color: #808080;\">Schlie\u00dflich ist diese Datenschutzrichtlinie Teil unserer Allgemeinen Gesch\u00e4ftsbedingungen und wird auf unserer Website zur Verf\u00fcgung gestellt.<\/span><\/p>\n<p>[\/et_pb_text][\/et_pb_column][\/et_pb_row][\/et_pb_section]<\/p>\n","protected":false},"excerpt":{"rendered":"<p>Roads4classicS wei\u00df, dass Ihnen der Schutz Ihrer Privatsph\u00e4re wichtig ist und dass Sie sich Gedanken dar\u00fcber machen, wie Ihre pers\u00f6nlichen Daten verwendet werden. Wir respektieren und sch\u00e4tzen die Privatsph\u00e4re eines jeden, der diese Website roads4classics.com besucht. Wie in den Abschnitten 5 und 6 unten beschrieben, sammeln wir keine pers\u00f6nlichen Daten \u00fcber Sie, es sei denn, [&hellip;]<\/p>\n","protected":false},"author":2,"featured_media":0,"parent":0,"menu_order":0,"comment_status":"closed","ping_status":"closed","template":"","meta":{"_et_pb_use_builder":"on","_et_pb_old_content":"","_et_gb_content_width":"","footnotes":""},"class_list":["post-1318","page","type-page","status-publish","hentry"],"yoast_head":"<!-- This site is optimized with the Yoast SEO plugin v27.1.1 - https:\/\/yoast.com\/product\/yoast-seo-wordpress\/ -->\n<title>Datenschutzbestimmungen - roads4classics<\/title>\n<meta name=\"robots\" content=\"index, follow, max-snippet:-1, max-image-preview:large, max-video-preview:-1\" \/>\n<link rel=\"canonical\" href=\"https:\/\/roads4classics.com\/de\/datenschutzbestimmungen\/\" \/>\n<meta property=\"og:locale\" content=\"de_DE\" \/>\n<meta property=\"og:type\" content=\"article\" \/>\n<meta property=\"og:title\" content=\"Datenschutzbestimmungen - roads4classics\" \/>\n<meta property=\"og:description\" content=\"Roads4classicS wei\u00df, dass Ihnen der Schutz Ihrer Privatsph\u00e4re wichtig ist und dass Sie sich Gedanken dar\u00fcber machen, wie Ihre pers\u00f6nlichen Daten verwendet werden. Wir respektieren und sch\u00e4tzen die Privatsph\u00e4re eines jeden, der diese Website roads4classics.com besucht. Wie in den Abschnitten 5 und 6 unten beschrieben, sammeln wir keine pers\u00f6nlichen Daten \u00fcber Sie, es sei denn, [&hellip;]\" \/>\n<meta property=\"og:url\" content=\"https:\/\/roads4classics.com\/de\/datenschutzbestimmungen\/\" \/>\n<meta property=\"og:site_name\" content=\"roads4classics\" \/>\n<meta property=\"article:modified_time\" content=\"2026-01-08T11:10:13+00:00\" \/>\n<meta name=\"twitter:card\" content=\"summary_large_image\" \/>\n<meta name=\"twitter:label1\" content=\"Gesch\u00e4tzte Lesezeit\" \/>\n\t<meta name=\"twitter:data1\" content=\"8\u00a0Minuten\" \/>\n<script type=\"application\/ld+json\" class=\"yoast-schema-graph\">{\"@context\":\"https:\/\/schema.org\",\"@graph\":[{\"@type\":\"WebPage\",\"@id\":\"https:\/\/roads4classics.com\/de\/datenschutzbestimmungen\/\",\"url\":\"https:\/\/roads4classics.com\/de\/datenschutzbestimmungen\/\",\"name\":\"Datenschutzbestimmungen - roads4classics\",\"isPartOf\":{\"@id\":\"https:\/\/roads4classics.com\/de\/#website\"},\"datePublished\":\"2024-12-01T20:35:29+00:00\",\"dateModified\":\"2026-01-08T11:10:13+00:00\",\"breadcrumb\":{\"@id\":\"https:\/\/roads4classics.com\/de\/datenschutzbestimmungen\/#breadcrumb\"},\"inLanguage\":\"de\",\"potentialAction\":[{\"@type\":\"ReadAction\",\"target\":[\"https:\/\/roads4classics.com\/de\/datenschutzbestimmungen\/\"]}]},{\"@type\":\"BreadcrumbList\",\"@id\":\"https:\/\/roads4classics.com\/de\/datenschutzbestimmungen\/#breadcrumb\",\"itemListElement\":[{\"@type\":\"ListItem\",\"position\":1,\"name\":\"Home\",\"item\":\"https:\/\/roads4classics.com\/de\/\"},{\"@type\":\"ListItem\",\"position\":2,\"name\":\"Datenschutzbestimmungen\"}]},{\"@type\":\"WebSite\",\"@id\":\"https:\/\/roads4classics.com\/de\/#website\",\"url\":\"https:\/\/roads4classics.com\/de\/\",\"name\":\"roads4classics\",\"description\":\"My WordPress Blog\",\"potentialAction\":[{\"@type\":\"SearchAction\",\"target\":{\"@type\":\"EntryPoint\",\"urlTemplate\":\"https:\/\/roads4classics.com\/de\/?s={search_term_string}\"},\"query-input\":{\"@type\":\"PropertyValueSpecification\",\"valueRequired\":true,\"valueName\":\"search_term_string\"}}],\"inLanguage\":\"de\"}]}<\/script>\n<!-- \/ Yoast SEO plugin. -->","yoast_head_json":{"title":"Datenschutzbestimmungen - roads4classics","robots":{"index":"index","follow":"follow","max-snippet":"max-snippet:-1","max-image-preview":"max-image-preview:large","max-video-preview":"max-video-preview:-1"},"canonical":"https:\/\/roads4classics.com\/de\/datenschutzbestimmungen\/","og_locale":"de_DE","og_type":"article","og_title":"Datenschutzbestimmungen - roads4classics","og_description":"Roads4classicS wei\u00df, dass Ihnen der Schutz Ihrer Privatsph\u00e4re wichtig ist und dass Sie sich Gedanken dar\u00fcber machen, wie Ihre pers\u00f6nlichen Daten verwendet werden. Wir respektieren und sch\u00e4tzen die Privatsph\u00e4re eines jeden, der diese Website roads4classics.com besucht. Wie in den Abschnitten 5 und 6 unten beschrieben, sammeln wir keine pers\u00f6nlichen Daten \u00fcber Sie, es sei denn, [&hellip;]","og_url":"https:\/\/roads4classics.com\/de\/datenschutzbestimmungen\/","og_site_name":"roads4classics","article_modified_time":"2026-01-08T11:10:13+00:00","twitter_card":"summary_large_image","twitter_misc":{"Gesch\u00e4tzte Lesezeit":"8\u00a0Minuten"},"schema":{"@context":"https:\/\/schema.org","@graph":[{"@type":"WebPage","@id":"https:\/\/roads4classics.com\/de\/datenschutzbestimmungen\/","url":"https:\/\/roads4classics.com\/de\/datenschutzbestimmungen\/","name":"Datenschutzbestimmungen - roads4classics","isPartOf":{"@id":"https:\/\/roads4classics.com\/de\/#website"},"datePublished":"2024-12-01T20:35:29+00:00","dateModified":"2026-01-08T11:10:13+00:00","breadcrumb":{"@id":"https:\/\/roads4classics.com\/de\/datenschutzbestimmungen\/#breadcrumb"},"inLanguage":"de","potentialAction":[{"@type":"ReadAction","target":["https:\/\/roads4classics.com\/de\/datenschutzbestimmungen\/"]}]},{"@type":"BreadcrumbList","@id":"https:\/\/roads4classics.com\/de\/datenschutzbestimmungen\/#breadcrumb","itemListElement":[{"@type":"ListItem","position":1,"name":"Home","item":"https:\/\/roads4classics.com\/de\/"},{"@type":"ListItem","position":2,"name":"Datenschutzbestimmungen"}]},{"@type":"WebSite","@id":"https:\/\/roads4classics.com\/de\/#website","url":"https:\/\/roads4classics.com\/de\/","name":"roads4classics","description":"My WordPress Blog","potentialAction":[{"@type":"SearchAction","target":{"@type":"EntryPoint","urlTemplate":"https:\/\/roads4classics.com\/de\/?s={search_term_string}"},"query-input":{"@type":"PropertyValueSpecification","valueRequired":true,"valueName":"search_term_string"}}],"inLanguage":"de"}]}},"_links":{"self":[{"href":"https:\/\/roads4classics.com\/de\/wp-json\/wp\/v2\/pages\/1318","targetHints":{"allow":["GET"]}}],"collection":[{"href":"https:\/\/roads4classics.com\/de\/wp-json\/wp\/v2\/pages"}],"about":[{"href":"https:\/\/roads4classics.com\/de\/wp-json\/wp\/v2\/types\/page"}],"author":[{"embeddable":true,"href":"https:\/\/roads4classics.com\/de\/wp-json\/wp\/v2\/users\/2"}],"replies":[{"embeddable":true,"href":"https:\/\/roads4classics.com\/de\/wp-json\/wp\/v2\/comments?post=1318"}],"version-history":[{"count":2,"href":"https:\/\/roads4classics.com\/de\/wp-json\/wp\/v2\/pages\/1318\/revisions"}],"predecessor-version":[{"id":1320,"href":"https:\/\/roads4classics.com\/de\/wp-json\/wp\/v2\/pages\/1318\/revisions\/1320"}],"wp:attachment":[{"href":"https:\/\/roads4classics.com\/de\/wp-json\/wp\/v2\/media?parent=1318"}],"curies":[{"name":"wp","href":"https:\/\/api.w.org\/{rel}","templated":true}]}}