{"id":1302,"date":"2024-11-14T21:29:04","date_gmt":"2024-11-14T20:29:04","guid":{"rendered":"https:\/\/roads4classics.com\/comment-cela-a-commence\/"},"modified":"2026-03-01T12:00:27","modified_gmt":"2026-03-01T11:00:27","slug":"comment-cela-a-commence","status":"publish","type":"page","link":"https:\/\/roads4classics.com\/fr\/comment-cela-a-commence\/","title":{"rendered":"Comment cela a commenc\u00e9"},"content":{"rendered":"<p>[et_pb_section fb_built=\u00a0\u00bb1&Prime; _builder_version=\u00a0\u00bb4.26.0&Prime; background_color=\u00a0\u00bbRGBA(255,255,255,0)\u00a0\u00bb global_colors_info=\u00a0\u00bb{}\u00a0\u00bb][et_pb_row _builder_version=\u00a0\u00bb4.26.0&Prime; _module_preset=\u00a0\u00bbdefault\u00a0\u00bb global_colors_info=\u00a0\u00bb{}\u00a0\u00bb][et_pb_column type=\u00a0\u00bb4_4&Prime; _builder_version=\u00a0\u00bb4.26.0&Prime; _module_preset=\u00a0\u00bbdefault\u00a0\u00bb global_colors_info=\u00a0\u00bb{}\u00a0\u00bb][et_pb_heading title=\u00a0\u00bbComment cela a commenc\u00e9\u00a0\u00bb _builder_version=\u00a0\u00bb4.26.0&Prime; _module_preset=\u00a0\u00bbdefault\u00a0\u00bb title_font=\u00a0\u00bb|700|||||||\u00a0\u00bb title_font_size=\u00a0\u00bb42px\u00a0\u00bb global_colors_info=\u00a0\u00bb{}\u00a0\u00bb][\/et_pb_heading][\/et_pb_column][\/et_pb_row][et_pb_row _builder_version=\u00a0\u00bb4.26.0&Prime; background_size=\u00a0\u00bbinitial\u00a0\u00bb background_position=\u00a0\u00bbtop_left\u00a0\u00bb background_repeat=\u00a0\u00bbrepeat\u00a0\u00bb min_height=\u00a0\u00bb240.9px\u00a0\u00bb custom_margin=\u00a0\u00bb|auto|-28px|auto||\u00a0\u00bb border_color_all=\u00a0\u00bb#E02B20&Prime; global_colors_info=\u00a0\u00bb{}\u00a0\u00bb][et_pb_column type=\u00a0\u00bb4_4&Prime; _builder_version=\u00a0\u00bb4.26.0&Prime; custom_padding=\u00a0\u00bb|||\u00a0\u00bb border_style_all=\u00a0\u00bbdashed\u00a0\u00bb global_colors_info=\u00a0\u00bb{}\u00a0\u00bb custom_padding__hover=\u00a0\u00bb|||\u00a0\u00bb][et_pb_text _builder_version=\u00a0\u00bb4.26.0&Prime; background_size=\u00a0\u00bbinitial\u00a0\u00bb background_position=\u00a0\u00bbtop_left\u00a0\u00bb background_repeat=\u00a0\u00bbrepeat\u00a0\u00bb min_height=\u00a0\u00bb269.1px\u00a0\u00bb custom_margin=\u00a0\u00bb||-72px|||\u00a0\u00bb custom_padding=\u00a0\u00bb||0px|||\u00a0\u00bb border_color_all=\u00a0\u00bb#E02B20&Prime; global_colors_info=\u00a0\u00bb{}\u00a0\u00bb]<\/p>\n<p><!-- divi:quote --><\/p>\n<blockquote class=\"wp-block-quote\">\n<p><!-- divi:paragraph --><span style=\"font-size: 14px\">Je m&rsquo;appelle Robi Rizvic et j&rsquo;habite \u00e0 Haarlem. Comme vous pouvez le d\u00e9duire de mon nom de famille, mes racines se trouvent dans l&rsquo;ancienne Yougoslavie. Gr\u00e2ce \u00e0 mon \u00e9ducation bilingue, je parle couramment le croate et je connais parfaitement le pays.  <\/span><\/p>\n<p>&nbsp;<\/p>\n<p><!-- \/divi:paragraph --> <!-- divi:paragraph -->Comme de nombreux visiteurs de ce site, je suis un amateur d&rsquo;automobiles classiques, en particulier de la marque Matra.<\/p>\n<p><!-- \/divi:paragraph --> <!-- divi:paragraph -->Je conduisais r\u00e9guli\u00e8rement notre Matra le long de la magnifique c\u00f4te croate, profitant de vues \u00e0 couper le souffle et de virages difficiles.<\/p>\n<p><!-- \/divi:paragraph --> <!-- divi:paragraph --><\/p>\n<p>Au cours de ces promenades, je me suis rendu compte \u00e0 quel point il serait sp\u00e9cial de faire le tour de la Croatie avec d&rsquo;autres vrais passionn\u00e9s de voitures classiques. Fin 2012, j&rsquo;ai donc commenc\u00e9 \u00e0 \u00e9laborer un plan. En juin 2013, cela a abouti \u00e0 un tour de Croatie Matra de six jours, au cours duquel nous avons fait un voyage inoubliable avec 20 Matra et 40 participants de diff\u00e9rentes nationalit\u00e9s.  <\/p>\n<p><!-- \/divi:paragraph --> <!-- divi:paragraph -->Le succ\u00e8s et le plaisir que nous avons \u00e9prouv\u00e9s lors de cette randonn\u00e9e m&rsquo;ont incit\u00e9 \u00e0 cr\u00e9er \u00ab\u00a0Road4classicS\u00a0\u00bb.<\/p>\n<\/blockquote>\n<p>&nbsp;<\/p>\n<p>&nbsp;<\/p>\n<p><!-- \/divi:quote --><\/p>\n<p>[\/et_pb_text][\/et_pb_column][\/et_pb_row][et_pb_row column_structure=\u00a0\u00bb1_2,1_2&Prime; _builder_version=\u00a0\u00bb4.26.0&Prime; _module_preset=\u00a0\u00bbdefault\u00a0\u00bb global_colors_info=\u00a0\u00bb{}\u00a0\u00bb][et_pb_column type=\u00a0\u00bb1_2&Prime; _builder_version=\u00a0\u00bb4.26.0&Prime; _module_preset=\u00a0\u00bbdefault\u00a0\u00bb global_colors_info=\u00a0\u00bb{}\u00a0\u00bb][et_pb_image src=\u00a0\u00bbhttps:\/\/roads4classics.com\/wp-content\/uploads\/2024\/11\/02.jpg\u00a0\u00bb _builder_version=\u00a0\u00bb4.26.0&Prime; _module_preset=\u00a0\u00bbdefault\u00a0\u00bb global_colors_info=\u00a0\u00bb{}\u00a0\u00bb][\/et_pb_image][\/et_pb_column][et_pb_column type=\u00a0\u00bb1_2&Prime; _builder_version=\u00a0\u00bb4.26.0&Prime; _module_preset=\u00a0\u00bbdefault\u00a0\u00bb global_colors_info=\u00a0\u00bb{}\u00a0\u00bb][et_pb_image src=\u00a0\u00bbhttps:\/\/roads4classics.com\/wp-content\/uploads\/2024\/11\/MG_4035-scaled.jpg\u00a0\u00bb _builder_version=\u00a0\u00bb4.26.0&Prime; _module_preset=\u00a0\u00bbdefault\u00a0\u00bb global_colors_info=\u00a0\u00bb{}\u00a0\u00bb][\/et_pb_image][\/et_pb_column][\/et_pb_row][et_pb_row _builder_version=\u00a0\u00bb4.26.0&Prime; _module_preset=\u00a0\u00bbdefault\u00a0\u00bb global_colors_info=\u00a0\u00bb{}\u00a0\u00bb][et_pb_column type=\u00a0\u00bb4_4&Prime; _builder_version=\u00a0\u00bb4.26.0&Prime; _module_preset=\u00a0\u00bbdefault\u00a0\u00bb global_colors_info=\u00a0\u00bb{}\u00a0\u00bb][et_pb_text _builder_version=\u00a0\u00bb4.26.0&Prime; _module_preset=\u00a0\u00bbdefault\u00a0\u00bb global_colors_info=\u00a0\u00bb{}\u00a0\u00bb]<\/p>\n<p>L&rsquo;objectif de Roads4classicS est de proposer des circuits qui cr\u00e9ent une aventure automobile compl\u00e8te et inoubliable. Les participants font l&rsquo;exp\u00e9rience de la conduite pure de leur voiture ou moto classique (et exclusive) pendant le tour. <\/p>\n<p>Tout cela se d\u00e9roule dans un cadre magnifique et authentique, avec des itin\u00e9raires vari\u00e9s le long de la c\u00f4te, \u00e0 l&rsquo;int\u00e9rieur des terres et en terrain montagneux.<\/p>\n<p>[\/et_pb_text][\/et_pb_column][\/et_pb_row][\/et_pb_section]<\/p>\n","protected":false},"excerpt":{"rendered":"<p>Je m&rsquo;appelle Robi Rizvic et j&rsquo;habite \u00e0 Haarlem. Comme vous pouvez le d\u00e9duire de mon nom de famille, mes racines se trouvent dans l&rsquo;ancienne Yougoslavie. Gr\u00e2ce \u00e0 mon \u00e9ducation bilingue, je parle couramment le croate et je connais parfaitement le pays. &nbsp; Comme de nombreux visiteurs de ce site, je suis un amateur d&rsquo;automobiles classiques, [&hellip;]<\/p>\n","protected":false},"author":2,"featured_media":0,"parent":0,"menu_order":0,"comment_status":"closed","ping_status":"closed","template":"","meta":{"_et_pb_use_builder":"on","_et_pb_old_content":"","_et_gb_content_width":"","footnotes":""},"class_list":["post-1302","page","type-page","status-publish","hentry"],"yoast_head":"<!-- This site is optimized with the Yoast SEO plugin v27.1.1 - https:\/\/yoast.com\/product\/yoast-seo-wordpress\/ -->\n<title>Comment cela a commenc\u00e9 - roads4classics<\/title>\n<meta name=\"robots\" content=\"index, follow, max-snippet:-1, max-image-preview:large, max-video-preview:-1\" \/>\n<link rel=\"canonical\" href=\"https:\/\/roads4classics.com\/fr\/comment-cela-a-commence\/\" \/>\n<meta property=\"og:locale\" content=\"fr_FR\" \/>\n<meta property=\"og:type\" content=\"article\" \/>\n<meta property=\"og:title\" content=\"Comment cela a commenc\u00e9 - roads4classics\" \/>\n<meta property=\"og:description\" content=\"Je m&#039;appelle Robi Rizvic et j&#039;habite \u00e0 Haarlem. Comme vous pouvez le d\u00e9duire de mon nom de famille, mes racines se trouvent dans l&#039;ancienne Yougoslavie. Gr\u00e2ce \u00e0 mon \u00e9ducation bilingue, je parle couramment le croate et je connais parfaitement le pays. &nbsp; Comme de nombreux visiteurs de ce site, je suis un amateur d&#039;automobiles classiques, [&hellip;]\" \/>\n<meta property=\"og:url\" content=\"https:\/\/roads4classics.com\/fr\/comment-cela-a-commence\/\" \/>\n<meta property=\"og:site_name\" content=\"roads4classics\" \/>\n<meta property=\"article:modified_time\" content=\"2026-03-01T11:00:27+00:00\" \/>\n<meta name=\"twitter:card\" content=\"summary_large_image\" \/>\n<meta name=\"twitter:label1\" content=\"Dur\u00e9e de lecture estim\u00e9e\" \/>\n\t<meta name=\"twitter:data1\" content=\"3 minutes\" \/>\n<script type=\"application\/ld+json\" class=\"yoast-schema-graph\">{\"@context\":\"https:\/\/schema.org\",\"@graph\":[{\"@type\":\"WebPage\",\"@id\":\"https:\/\/roads4classics.com\/fr\/comment-cela-a-commence\/\",\"url\":\"https:\/\/roads4classics.com\/fr\/comment-cela-a-commence\/\",\"name\":\"Comment cela a commenc\u00e9 - roads4classics\",\"isPartOf\":{\"@id\":\"https:\/\/roads4classics.com\/fr\/#website\"},\"datePublished\":\"2024-11-14T20:29:04+00:00\",\"dateModified\":\"2026-03-01T11:00:27+00:00\",\"breadcrumb\":{\"@id\":\"https:\/\/roads4classics.com\/fr\/comment-cela-a-commence\/#breadcrumb\"},\"inLanguage\":\"fr-FR\",\"potentialAction\":[{\"@type\":\"ReadAction\",\"target\":[\"https:\/\/roads4classics.com\/fr\/comment-cela-a-commence\/\"]}]},{\"@type\":\"BreadcrumbList\",\"@id\":\"https:\/\/roads4classics.com\/fr\/comment-cela-a-commence\/#breadcrumb\",\"itemListElement\":[{\"@type\":\"ListItem\",\"position\":1,\"name\":\"Home\",\"item\":\"https:\/\/roads4classics.com\/fr\/\"},{\"@type\":\"ListItem\",\"position\":2,\"name\":\"Comment cela a commenc\u00e9\"}]},{\"@type\":\"WebSite\",\"@id\":\"https:\/\/roads4classics.com\/fr\/#website\",\"url\":\"https:\/\/roads4classics.com\/fr\/\",\"name\":\"roads4classics\",\"description\":\"My WordPress Blog\",\"potentialAction\":[{\"@type\":\"SearchAction\",\"target\":{\"@type\":\"EntryPoint\",\"urlTemplate\":\"https:\/\/roads4classics.com\/fr\/?s={search_term_string}\"},\"query-input\":{\"@type\":\"PropertyValueSpecification\",\"valueRequired\":true,\"valueName\":\"search_term_string\"}}],\"inLanguage\":\"fr-FR\"}]}<\/script>\n<!-- \/ Yoast SEO plugin. -->","yoast_head_json":{"title":"Comment cela a commenc\u00e9 - roads4classics","robots":{"index":"index","follow":"follow","max-snippet":"max-snippet:-1","max-image-preview":"max-image-preview:large","max-video-preview":"max-video-preview:-1"},"canonical":"https:\/\/roads4classics.com\/fr\/comment-cela-a-commence\/","og_locale":"fr_FR","og_type":"article","og_title":"Comment cela a commenc\u00e9 - roads4classics","og_description":"Je m'appelle Robi Rizvic et j'habite \u00e0 Haarlem. Comme vous pouvez le d\u00e9duire de mon nom de famille, mes racines se trouvent dans l'ancienne Yougoslavie. Gr\u00e2ce \u00e0 mon \u00e9ducation bilingue, je parle couramment le croate et je connais parfaitement le pays. &nbsp; Comme de nombreux visiteurs de ce site, je suis un amateur d'automobiles classiques, [&hellip;]","og_url":"https:\/\/roads4classics.com\/fr\/comment-cela-a-commence\/","og_site_name":"roads4classics","article_modified_time":"2026-03-01T11:00:27+00:00","twitter_card":"summary_large_image","twitter_misc":{"Dur\u00e9e de lecture estim\u00e9e":"3 minutes"},"schema":{"@context":"https:\/\/schema.org","@graph":[{"@type":"WebPage","@id":"https:\/\/roads4classics.com\/fr\/comment-cela-a-commence\/","url":"https:\/\/roads4classics.com\/fr\/comment-cela-a-commence\/","name":"Comment cela a commenc\u00e9 - roads4classics","isPartOf":{"@id":"https:\/\/roads4classics.com\/fr\/#website"},"datePublished":"2024-11-14T20:29:04+00:00","dateModified":"2026-03-01T11:00:27+00:00","breadcrumb":{"@id":"https:\/\/roads4classics.com\/fr\/comment-cela-a-commence\/#breadcrumb"},"inLanguage":"fr-FR","potentialAction":[{"@type":"ReadAction","target":["https:\/\/roads4classics.com\/fr\/comment-cela-a-commence\/"]}]},{"@type":"BreadcrumbList","@id":"https:\/\/roads4classics.com\/fr\/comment-cela-a-commence\/#breadcrumb","itemListElement":[{"@type":"ListItem","position":1,"name":"Home","item":"https:\/\/roads4classics.com\/fr\/"},{"@type":"ListItem","position":2,"name":"Comment cela a commenc\u00e9"}]},{"@type":"WebSite","@id":"https:\/\/roads4classics.com\/fr\/#website","url":"https:\/\/roads4classics.com\/fr\/","name":"roads4classics","description":"My WordPress Blog","potentialAction":[{"@type":"SearchAction","target":{"@type":"EntryPoint","urlTemplate":"https:\/\/roads4classics.com\/fr\/?s={search_term_string}"},"query-input":{"@type":"PropertyValueSpecification","valueRequired":true,"valueName":"search_term_string"}}],"inLanguage":"fr-FR"}]}},"_links":{"self":[{"href":"https:\/\/roads4classics.com\/fr\/wp-json\/wp\/v2\/pages\/1302","targetHints":{"allow":["GET"]}}],"collection":[{"href":"https:\/\/roads4classics.com\/fr\/wp-json\/wp\/v2\/pages"}],"about":[{"href":"https:\/\/roads4classics.com\/fr\/wp-json\/wp\/v2\/types\/page"}],"author":[{"embeddable":true,"href":"https:\/\/roads4classics.com\/fr\/wp-json\/wp\/v2\/users\/2"}],"replies":[{"embeddable":true,"href":"https:\/\/roads4classics.com\/fr\/wp-json\/wp\/v2\/comments?post=1302"}],"version-history":[{"count":32,"href":"https:\/\/roads4classics.com\/fr\/wp-json\/wp\/v2\/pages\/1302\/revisions"}],"predecessor-version":[{"id":5586,"href":"https:\/\/roads4classics.com\/fr\/wp-json\/wp\/v2\/pages\/1302\/revisions\/5586"}],"wp:attachment":[{"href":"https:\/\/roads4classics.com\/fr\/wp-json\/wp\/v2\/media?parent=1302"}],"curies":[{"name":"wp","href":"https:\/\/api.w.org\/{rel}","templated":true}]}}