{"id":1643,"date":"2024-11-14T22:39:15","date_gmt":"2024-11-14T21:39:15","guid":{"rendered":"https:\/\/roads4classics.com\/voyages-individuels-en-voiture\/"},"modified":"2026-04-13T16:00:18","modified_gmt":"2026-04-13T14:00:18","slug":"voyages-individuels-en-voiture","status":"publish","type":"page","link":"https:\/\/roads4classics.com\/fr\/voyages-individuels-en-voiture\/","title":{"rendered":"VOYAGES INDIVIDUELS EN VOITURE"},"content":{"rendered":"\n[et_pb_section fb_built=\u00a0\u00bb1&Prime; _builder_version=\u00a0\u00bb4.26.0&Prime; _module_preset=\u00a0\u00bbdefault\u00a0\u00bb global_colors_info=\u00a0\u00bb{}\u00a0\u00bb theme_builder_area=\u00a0\u00bbpost_content\u00a0\u00bb][et_pb_row _builder_version=\u00a0\u00bb4.26.0&Prime; _module_preset=\u00a0\u00bbdefault\u00a0\u00bb global_colors_info=\u00a0\u00bb{}\u00a0\u00bb theme_builder_area=\u00a0\u00bbpost_content\u00a0\u00bb][et_pb_column type=\u00a0\u00bb4_4&Prime; _builder_version=\u00a0\u00bb4.26.0&Prime; _module_preset=\u00a0\u00bbdefault\u00a0\u00bb global_colors_info=\u00a0\u00bb{}\u00a0\u00bb theme_builder_area=\u00a0\u00bbpost_content\u00a0\u00bb][et_pb_slider _builder_version=\u00a0\u00bb4.26.0&Prime; _module_preset=\u00a0\u00bbdefault\u00a0\u00bb animation_style=\u00a0\u00bbfade\u00a0\u00bb hover_enabled=\u00a0\u00bb0&Prime; border_style_all_image=\u00a0\u00bbdashed\u00a0\u00bb global_colors_info=\u00a0\u00bb{}\u00a0\u00bb theme_builder_area=\u00a0\u00bbpost_content\u00a0\u00bb sticky_enabled=\u00a0\u00bb0&Prime;][et_pb_slide heading=\u00a0\u00bbVOYAGES INDIVIDUELS EN VOITURE\u00a0\u00bb _builder_version=\u00a0\u00bb4.26.0&Prime; _module_preset=\u00a0\u00bbdefault\u00a0\u00bb hover_enabled=\u00a0\u00bb0&Prime; global_colors_info=\u00a0\u00bb{}\u00a0\u00bb sticky_transition=\u00a0\u00bbon\u00a0\u00bb theme_builder_area=\u00a0\u00bbpost_content\u00a0\u00bb sticky_enabled=\u00a0\u00bb0&Prime; title_text=\u00a0\u00bbHeader_01&Prime; background_image=\u00a0\u00bbhttps:\/\/roads4classics.com\/wp-content\/uploads\/2024\/07\/Header_01.jpg\u00a0\u00bb background_enable_image=\u00a0\u00bbon\u00a0\u00bb]<p>Informations g\u00e9n\u00e9rales<\/p>[\/et_pb_slide][et_pb_slide heading=\u00a0\u00bbVOYAGES INDIVIDUELS EN VOITURE\u00a0\u00bb _builder_version=\u00a0\u00bb4.26.0&Prime; _module_preset=\u00a0\u00bbdefault\u00a0\u00bb background_color=\u00a0\u00bbRGBA(255,255,255,0)\u00a0\u00bb background_enable_color=\u00a0\u00bbon\u00a0\u00bb background_image=\u00a0\u00bbhttps:\/\/roads4classics.com\/wp-content\/uploads\/2024\/07\/foto-01.jpg\u00a0\u00bb background_enable_image=\u00a0\u00bbon\u00a0\u00bb hover_enabled=\u00a0\u00bb0&Prime; global_colors_info=\u00a0\u00bb{}\u00a0\u00bb sticky_transition=\u00a0\u00bbon\u00a0\u00bb theme_builder_area=\u00a0\u00bbpost_content\u00a0\u00bb sticky_enabled=\u00a0\u00bb0&Prime;]<p>Informations g\u00e9n\u00e9rales<\/p>[\/et_pb_slide][\/et_pb_slider][\/et_pb_column][\/et_pb_row][et_pb_row _builder_version=\u00a0\u00bb4.26.0&Prime; _module_preset=\u00a0\u00bbdefault\u00a0\u00bb global_colors_info=\u00a0\u00bb{}\u00a0\u00bb theme_builder_area=\u00a0\u00bbpost_content\u00a0\u00bb][et_pb_column type=\u00a0\u00bb4_4&Prime; _builder_version=\u00a0\u00bb4.26.0&Prime; _module_preset=\u00a0\u00bbdefault\u00a0\u00bb global_colors_info=\u00a0\u00bb{}\u00a0\u00bb theme_builder_area=\u00a0\u00bbpost_content\u00a0\u00bb][et_pb_text _builder_version=\u00a0\u00bb4.26.0&Prime; _module_preset=\u00a0\u00bbdefault\u00a0\u00bb global_colors_info=\u00a0\u00bb{}\u00a0\u00bb theme_builder_area=\u00a0\u00bbpost_content\u00a0\u00bb]<p>Page en construction !<\/p>\n<p>Page en construction !<\/p>\n<p>Seite im Aufbau !<\/p>\n<p>Page en construction !<\/p>[\/et_pb_text][\/et_pb_column][\/et_pb_row][\/et_pb_section]\n","protected":false},"excerpt":{"rendered":"<p>Informations g\u00e9n\u00e9ralesInformations g\u00e9n\u00e9ralesPage en construction ! Page en construction ! Seite im Aufbau ! Page en construction !<\/p>\n","protected":false},"author":2,"featured_media":0,"parent":0,"menu_order":0,"comment_status":"closed","ping_status":"closed","template":"","meta":{"_et_pb_use_builder":"on","_et_pb_old_content":"","_et_gb_content_width":"","footnotes":""},"class_list":["post-1643","page","type-page","status-publish","hentry"],"yoast_head":"<!-- This site is optimized with the Yoast SEO plugin v27.1.1 - https:\/\/yoast.com\/product\/yoast-seo-wordpress\/ -->\n<title>VOYAGES INDIVIDUELS EN VOITURE - roads4classics<\/title>\n<meta name=\"robots\" content=\"index, follow, max-snippet:-1, max-image-preview:large, max-video-preview:-1\" \/>\n<link rel=\"canonical\" href=\"https:\/\/roads4classics.com\/fr\/voyages-individuels-en-voiture\/\" \/>\n<meta property=\"og:locale\" content=\"fr_FR\" \/>\n<meta property=\"og:type\" content=\"article\" \/>\n<meta property=\"og:title\" content=\"VOYAGES INDIVIDUELS EN VOITURE - roads4classics\" \/>\n<meta property=\"og:description\" content=\"Informations g\u00e9n\u00e9ralesInformations g\u00e9n\u00e9ralesPage en construction ! Page en construction ! Seite im Aufbau ! Page en construction !\" \/>\n<meta property=\"og:url\" content=\"https:\/\/roads4classics.com\/fr\/voyages-individuels-en-voiture\/\" \/>\n<meta property=\"og:site_name\" content=\"roads4classics\" \/>\n<meta property=\"article:modified_time\" content=\"2026-04-13T14:00:18+00:00\" \/>\n<meta name=\"twitter:card\" content=\"summary_large_image\" \/>\n<meta name=\"twitter:label1\" content=\"Dur\u00e9e de lecture estim\u00e9e\" \/>\n\t<meta name=\"twitter:data1\" content=\"1 minute\" \/>\n<script type=\"application\/ld+json\" class=\"yoast-schema-graph\">{\"@context\":\"https:\/\/schema.org\",\"@graph\":[{\"@type\":\"WebPage\",\"@id\":\"https:\/\/roads4classics.com\/fr\/voyages-individuels-en-voiture\/\",\"url\":\"https:\/\/roads4classics.com\/fr\/voyages-individuels-en-voiture\/\",\"name\":\"VOYAGES INDIVIDUELS EN VOITURE - roads4classics\",\"isPartOf\":{\"@id\":\"https:\/\/roads4classics.com\/fr\/#website\"},\"datePublished\":\"2024-11-14T21:39:15+00:00\",\"dateModified\":\"2026-04-13T14:00:18+00:00\",\"breadcrumb\":{\"@id\":\"https:\/\/roads4classics.com\/fr\/voyages-individuels-en-voiture\/#breadcrumb\"},\"inLanguage\":\"fr-FR\",\"potentialAction\":[{\"@type\":\"ReadAction\",\"target\":[\"https:\/\/roads4classics.com\/fr\/voyages-individuels-en-voiture\/\"]}]},{\"@type\":\"BreadcrumbList\",\"@id\":\"https:\/\/roads4classics.com\/fr\/voyages-individuels-en-voiture\/#breadcrumb\",\"itemListElement\":[{\"@type\":\"ListItem\",\"position\":1,\"name\":\"Home\",\"item\":\"https:\/\/roads4classics.com\/fr\/\"},{\"@type\":\"ListItem\",\"position\":2,\"name\":\"VOYAGES INDIVIDUELS EN VOITURE\"}]},{\"@type\":\"WebSite\",\"@id\":\"https:\/\/roads4classics.com\/fr\/#website\",\"url\":\"https:\/\/roads4classics.com\/fr\/\",\"name\":\"roads4classics\",\"description\":\"My WordPress Blog\",\"potentialAction\":[{\"@type\":\"SearchAction\",\"target\":{\"@type\":\"EntryPoint\",\"urlTemplate\":\"https:\/\/roads4classics.com\/fr\/?s={search_term_string}\"},\"query-input\":{\"@type\":\"PropertyValueSpecification\",\"valueRequired\":true,\"valueName\":\"search_term_string\"}}],\"inLanguage\":\"fr-FR\"}]}<\/script>\n<!-- \/ Yoast SEO plugin. -->","yoast_head_json":{"title":"VOYAGES INDIVIDUELS EN VOITURE - roads4classics","robots":{"index":"index","follow":"follow","max-snippet":"max-snippet:-1","max-image-preview":"max-image-preview:large","max-video-preview":"max-video-preview:-1"},"canonical":"https:\/\/roads4classics.com\/fr\/voyages-individuels-en-voiture\/","og_locale":"fr_FR","og_type":"article","og_title":"VOYAGES INDIVIDUELS EN VOITURE - roads4classics","og_description":"Informations g\u00e9n\u00e9ralesInformations g\u00e9n\u00e9ralesPage en construction ! Page en construction ! Seite im Aufbau ! Page en construction !","og_url":"https:\/\/roads4classics.com\/fr\/voyages-individuels-en-voiture\/","og_site_name":"roads4classics","article_modified_time":"2026-04-13T14:00:18+00:00","twitter_card":"summary_large_image","twitter_misc":{"Dur\u00e9e de lecture estim\u00e9e":"1 minute"},"schema":{"@context":"https:\/\/schema.org","@graph":[{"@type":"WebPage","@id":"https:\/\/roads4classics.com\/fr\/voyages-individuels-en-voiture\/","url":"https:\/\/roads4classics.com\/fr\/voyages-individuels-en-voiture\/","name":"VOYAGES INDIVIDUELS EN VOITURE - roads4classics","isPartOf":{"@id":"https:\/\/roads4classics.com\/fr\/#website"},"datePublished":"2024-11-14T21:39:15+00:00","dateModified":"2026-04-13T14:00:18+00:00","breadcrumb":{"@id":"https:\/\/roads4classics.com\/fr\/voyages-individuels-en-voiture\/#breadcrumb"},"inLanguage":"fr-FR","potentialAction":[{"@type":"ReadAction","target":["https:\/\/roads4classics.com\/fr\/voyages-individuels-en-voiture\/"]}]},{"@type":"BreadcrumbList","@id":"https:\/\/roads4classics.com\/fr\/voyages-individuels-en-voiture\/#breadcrumb","itemListElement":[{"@type":"ListItem","position":1,"name":"Home","item":"https:\/\/roads4classics.com\/fr\/"},{"@type":"ListItem","position":2,"name":"VOYAGES INDIVIDUELS EN VOITURE"}]},{"@type":"WebSite","@id":"https:\/\/roads4classics.com\/fr\/#website","url":"https:\/\/roads4classics.com\/fr\/","name":"roads4classics","description":"My WordPress Blog","potentialAction":[{"@type":"SearchAction","target":{"@type":"EntryPoint","urlTemplate":"https:\/\/roads4classics.com\/fr\/?s={search_term_string}"},"query-input":{"@type":"PropertyValueSpecification","valueRequired":true,"valueName":"search_term_string"}}],"inLanguage":"fr-FR"}]}},"_links":{"self":[{"href":"https:\/\/roads4classics.com\/fr\/wp-json\/wp\/v2\/pages\/1643","targetHints":{"allow":["GET"]}}],"collection":[{"href":"https:\/\/roads4classics.com\/fr\/wp-json\/wp\/v2\/pages"}],"about":[{"href":"https:\/\/roads4classics.com\/fr\/wp-json\/wp\/v2\/types\/page"}],"author":[{"embeddable":true,"href":"https:\/\/roads4classics.com\/fr\/wp-json\/wp\/v2\/users\/2"}],"replies":[{"embeddable":true,"href":"https:\/\/roads4classics.com\/fr\/wp-json\/wp\/v2\/comments?post=1643"}],"version-history":[{"count":10,"href":"https:\/\/roads4classics.com\/fr\/wp-json\/wp\/v2\/pages\/1643\/revisions"}],"predecessor-version":[{"id":5855,"href":"https:\/\/roads4classics.com\/fr\/wp-json\/wp\/v2\/pages\/1643\/revisions\/5855"}],"wp:attachment":[{"href":"https:\/\/roads4classics.com\/fr\/wp-json\/wp\/v2\/media?parent=1643"}],"curies":[{"name":"wp","href":"https:\/\/api.w.org\/{rel}","templated":true}]}}